{"id":2,"date":"2025-09-05T07:15:36","date_gmt":"2025-09-05T07:15:36","guid":{"rendered":"https:\/\/zonaverdaemporda.rkinformatika.online\/?page_id=2"},"modified":"2025-09-16T19:03:48","modified_gmt":"2025-09-16T19:03:48","slug":"inicio","status":"publish","type":"page","link":"https:\/\/zonaverdaemporda.com\/en\/","title":{"rendered":"Inicio"},"content":{"rendered":"<div data-elementor-type=\"wp-page\" data-elementor-id=\"2\" class=\"elementor elementor-2\" data-elementor-post-type=\"page\">\n\t\t\t\t\t\t<section class=\"elementor-section elementor-top-section elementor-element elementor-element-c384b28 elementor-section-boxed elementor-section-height-default elementor-section-height-default\" data-id=\"c384b28\" data-element_type=\"section\" data-e-type=\"section\" data-settings=\"{&quot;background_background&quot;:&quot;classic&quot;}\">\n\t\t\t\t\t\t\t<div class=\"elementor-background-overlay\"><\/div>\n\t\t\t\t\t\t\t<div class=\"elementor-container elementor-column-gap-default\">\n\t\t\t\t\t<div class=\"elementor-column elementor-col-100 elementor-top-column elementor-element elementor-element-b19fb6c\" data-id=\"b19fb6c\" data-element_type=\"column\" data-e-type=\"column\">\n\t\t\t<div class=\"elementor-widget-wrap elementor-element-populated\">\n\t\t\t\t\t\t<div class=\"elementor-element elementor-element-a6d11a6 elementor-headline--style-highlight elementor-widget elementor-widget-animated-headline\" data-id=\"a6d11a6\" data-element_type=\"widget\" data-e-type=\"widget\" data-settings=\"{&quot;highlighted_text&quot;:&quot;Jardins.&quot;,&quot;headline_style&quot;:&quot;highlight&quot;,&quot;marker&quot;:&quot;circle&quot;,&quot;loop&quot;:&quot;yes&quot;,&quot;highlight_animation_duration&quot;:1200,&quot;highlight_iteration_delay&quot;:8000}\" data-widget_type=\"animated-headline.default\">\n\t\t\t\t\t\t\t<h3 class=\"elementor-headline\">\n\t\t\t\t\t<span class=\"elementor-headline-plain-text elementor-headline-text-wrapper\">Design, construction and maintenance of <\/span>\n\t\t\t\t<span class=\"elementor-headline-dynamic-wrapper elementor-headline-text-wrapper\">\n\t\t\t\t\t<span class=\"elementor-headline-dynamic-text elementor-headline-text-active\">gardens<\/span>\n\t\t\t\t<\/span>\n\t\t\t\t<\/h3>\n\t\t\t\t\t\t<\/div>\n\t\t\t\t<div class=\"elementor-element elementor-element-d61dc4b elementor-invisible elementor-widget elementor-widget-button\" data-id=\"d61dc4b\" data-element_type=\"widget\" data-e-type=\"widget\" data-settings=\"{&quot;_animation&quot;:&quot;fadeInLeft&quot;}\" data-widget_type=\"button.default\">\n\t\t\t\t\t\t\t\t\t\t<a class=\"elementor-button elementor-button-link elementor-size-sm elementor-animation-float\" href=\"\/en\/servicios\/\">\n\t\t\t\t\t\t<span class=\"elementor-button-content-wrapper\">\n\t\t\t\t\t\t\t\t\t<span class=\"elementor-button-text\">Services<\/span>\n\t\t\t\t\t<\/span>\n\t\t\t\t\t<\/a>\n\t\t\t\t\t\t\t\t<\/div>\n\t\t\t\t\t<\/div>\n\t\t<\/div>\n\t\t\t\t\t<\/div>\n\t\t<\/section>\n\t\t\t\t<section class=\"elementor-section elementor-top-section elementor-element elementor-element-131338f elementor-section-boxed elementor-section-height-default elementor-section-height-default\" data-id=\"131338f\" data-element_type=\"section\" data-e-type=\"section\">\n\t\t\t\t\t\t<div class=\"elementor-container elementor-column-gap-default\">\n\t\t\t\t\t<div class=\"elementor-column elementor-col-50 elementor-top-column elementor-element elementor-element-cd53974\" data-id=\"cd53974\" data-element_type=\"column\" data-e-type=\"column\">\n\t\t\t<div class=\"elementor-widget-wrap elementor-element-populated\">\n\t\t\t\t\t\t<div class=\"elementor-element elementor-element-b47c14d elementor-widget elementor-widget-image\" data-id=\"b47c14d\" data-element_type=\"widget\" data-e-type=\"widget\" data-widget_type=\"image.default\">\n\t\t\t\t\t\t\t\t\t\t\t\t\t\t\t<img fetchpriority=\"high\" decoding=\"async\" width=\"1000\" height=\"668\" src=\"https:\/\/zonaverdaemporda.com\/wp-content\/uploads\/2025\/09\/3124.jpg\" class=\"attachment-full size-full wp-image-97\" alt=\"\" srcset=\"https:\/\/zonaverdaemporda.com\/wp-content\/uploads\/2025\/09\/3124.jpg 1000w, https:\/\/zonaverdaemporda.com\/wp-content\/uploads\/2025\/09\/3124-300x200.jpg 300w, https:\/\/zonaverdaemporda.com\/wp-content\/uploads\/2025\/09\/3124-768x513.jpg 768w, https:\/\/zonaverdaemporda.com\/wp-content\/uploads\/2025\/09\/3124-18x12.jpg 18w\" sizes=\"(max-width: 1000px) 100vw, 1000px\" \/>\t\t\t\t\t\t\t\t\t\t\t\t\t\t\t<\/div>\n\t\t\t\t\t<\/div>\n\t\t<\/div>\n\t\t\t\t<div class=\"elementor-column elementor-col-50 elementor-top-column elementor-element elementor-element-4469727\" data-id=\"4469727\" data-element_type=\"column\" data-e-type=\"column\">\n\t\t\t<div class=\"elementor-widget-wrap elementor-element-populated\">\n\t\t\t\t\t\t<div class=\"elementor-element elementor-element-b3e4848 elementor-widget-divider--view-line elementor-widget elementor-widget-divider\" data-id=\"b3e4848\" data-element_type=\"widget\" data-e-type=\"widget\" data-widget_type=\"divider.default\">\n\t\t\t\t\t\t\t<div class=\"elementor-divider\">\n\t\t\t<span class=\"elementor-divider-separator\">\n\t\t\t\t\t\t<\/span>\n\t\t<\/div>\n\t\t\t\t\t\t<\/div>\n\t\t\t\t<div class=\"elementor-element elementor-element-6de54f3 elementor-invisible elementor-widget elementor-widget-heading\" data-id=\"6de54f3\" data-element_type=\"widget\" data-e-type=\"widget\" data-settings=\"{&quot;_animation&quot;:&quot;fadeIn&quot;,&quot;_animation_delay&quot;:50}\" data-widget_type=\"heading.default\">\n\t\t\t\t\t<h2 class=\"elementor-heading-title elementor-size-default\">History<\/h2>\t\t\t\t<\/div>\n\t\t\t\t<div class=\"elementor-element elementor-element-62b7ff7 eael-dual-header-content-align-left e-transform elementor-widget elementor-widget-eael-dual-color-header\" data-id=\"62b7ff7\" data-element_type=\"widget\" data-e-type=\"widget\" data-settings=\"{&quot;_transform_skewX_effect&quot;:{&quot;unit&quot;:&quot;px&quot;,&quot;size&quot;:&quot;&quot;,&quot;sizes&quot;:[]},&quot;_transform_skewX_effect_tablet&quot;:{&quot;unit&quot;:&quot;deg&quot;,&quot;size&quot;:&quot;&quot;,&quot;sizes&quot;:[]},&quot;_transform_skewX_effect_mobile&quot;:{&quot;unit&quot;:&quot;deg&quot;,&quot;size&quot;:&quot;&quot;,&quot;sizes&quot;:[]},&quot;_transform_skewY_effect&quot;:{&quot;unit&quot;:&quot;px&quot;,&quot;size&quot;:&quot;&quot;,&quot;sizes&quot;:[]},&quot;_transform_skewY_effect_tablet&quot;:{&quot;unit&quot;:&quot;deg&quot;,&quot;size&quot;:&quot;&quot;,&quot;sizes&quot;:[]},&quot;_transform_skewY_effect_mobile&quot;:{&quot;unit&quot;:&quot;deg&quot;,&quot;size&quot;:&quot;&quot;,&quot;sizes&quot;:[]}}\" data-widget_type=\"eael-dual-color-header.default\">\n\t\t\t\t\t\t\t\t<div class=\"eael-dual-header\">\n\t\t\t\t<h1 class=\"title eael-dch-title\"><span class=\"eael-dch-title-text eael-dch-title-lead lead solid-color\">ABOUT<br><\/span> <span class=\"eael-dch-title-text\">US<\/span><\/h1>\t\t\t<\/div>\n\n\t\t\t\t\t\t<\/div>\n\t\t\t\t<div class=\"elementor-element elementor-element-76bd6ef elementor-widget elementor-widget-text-editor\" data-id=\"76bd6ef\" data-element_type=\"widget\" data-e-type=\"widget\" data-widget_type=\"text-editor.default\">\n\t\t\t\t\t\t\t\t\t<p>Zona Verda Empord\u00e0 was founded in 2017 by Eduard Deulofeu, a passionate enthusiast of agriculture and gardening who has spent his entire working life tending to the land and gardens of the beautiful Baix Empord\u00e0, contributing to the region's beauty with his dedication and love for nature.<\/p>\n<p>Clearing, pruning, tree felling, irrigation system installation, artificial grass installation...<\/p><p><br><\/p>\t\t\t\t\t\t\t\t<\/div>\n\t\t\t\t\t<\/div>\n\t\t<\/div>\n\t\t\t\t\t<\/div>\n\t\t<\/section>\n\t\t\t\t<section class=\"elementor-section elementor-top-section elementor-element elementor-element-a3ed786 elementor-section-boxed elementor-section-height-default elementor-section-height-default\" data-id=\"a3ed786\" data-element_type=\"section\" data-e-type=\"section\">\n\t\t\t\t\t\t<div class=\"elementor-container elementor-column-gap-default\">\n\t\t\t\t\t<div class=\"elementor-column elementor-col-50 elementor-top-column elementor-element elementor-element-124a8ad\" data-id=\"124a8ad\" data-element_type=\"column\" data-e-type=\"column\">\n\t\t\t<div class=\"elementor-widget-wrap elementor-element-populated\">\n\t\t\t\t\t\t<div class=\"elementor-element elementor-element-29d6293 eael-dual-header-content-align-left e-transform elementor-widget elementor-widget-eael-dual-color-header\" data-id=\"29d6293\" data-element_type=\"widget\" data-e-type=\"widget\" data-settings=\"{&quot;_transform_skewX_effect&quot;:{&quot;unit&quot;:&quot;px&quot;,&quot;size&quot;:&quot;&quot;,&quot;sizes&quot;:[]},&quot;_transform_skewX_effect_tablet&quot;:{&quot;unit&quot;:&quot;deg&quot;,&quot;size&quot;:&quot;&quot;,&quot;sizes&quot;:[]},&quot;_transform_skewX_effect_mobile&quot;:{&quot;unit&quot;:&quot;deg&quot;,&quot;size&quot;:&quot;&quot;,&quot;sizes&quot;:[]},&quot;_transform_skewY_effect&quot;:{&quot;unit&quot;:&quot;px&quot;,&quot;size&quot;:&quot;&quot;,&quot;sizes&quot;:[]},&quot;_transform_skewY_effect_tablet&quot;:{&quot;unit&quot;:&quot;deg&quot;,&quot;size&quot;:&quot;&quot;,&quot;sizes&quot;:[]},&quot;_transform_skewY_effect_mobile&quot;:{&quot;unit&quot;:&quot;deg&quot;,&quot;size&quot;:&quot;&quot;,&quot;sizes&quot;:[]}}\" data-widget_type=\"eael-dual-color-header.default\">\n\t\t\t\t\t\t\t\t<div class=\"eael-dual-header\">\n\t\t\t\t<h1 class=\"title eael-dch-title\"><span class=\"eael-dch-title-text eael-dch-title-lead lead solid-color\">The magic of<br><\/span> <span class=\"eael-dch-title-text\">having your own garden<\/span><\/h1>\t\t\t<\/div>\n\n\t\t\t\t\t\t<\/div>\n\t\t\t\t<div class=\"elementor-element elementor-element-62a544b elementor-widget-divider--view-line elementor-widget elementor-widget-divider\" data-id=\"62a544b\" data-element_type=\"widget\" data-e-type=\"widget\" data-widget_type=\"divider.default\">\n\t\t\t\t\t\t\t<div class=\"elementor-divider\">\n\t\t\t<span class=\"elementor-divider-separator\">\n\t\t\t\t\t\t<\/span>\n\t\t<\/div>\n\t\t\t\t\t\t<\/div>\n\t\t\t\t<div class=\"elementor-element elementor-element-86cb519 elementor-invisible elementor-widget elementor-widget-heading\" data-id=\"86cb519\" data-element_type=\"widget\" data-e-type=\"widget\" data-settings=\"{&quot;_animation&quot;:&quot;fadeIn&quot;,&quot;_animation_delay&quot;:50}\" data-widget_type=\"heading.default\">\n\t\t\t\t\t<h2 class=\"elementor-heading-title elementor-size-default\">spaces for PRIVATE AND COMMUNITY gardens<\/h2>\t\t\t\t<\/div>\n\t\t\t\t\t<\/div>\n\t\t<\/div>\n\t\t\t\t<div class=\"elementor-column elementor-col-50 elementor-top-column elementor-element elementor-element-020161c\" data-id=\"020161c\" data-element_type=\"column\" data-e-type=\"column\">\n\t\t\t<div class=\"elementor-widget-wrap elementor-element-populated\">\n\t\t\t\t\t\t<div class=\"elementor-element elementor-element-663b4dc elementor-widget elementor-widget-image\" data-id=\"663b4dc\" data-element_type=\"widget\" data-e-type=\"widget\" data-widget_type=\"image.default\">\n\t\t\t\t\t\t\t\t\t\t\t\t\t\t\t<img decoding=\"async\" width=\"1000\" height=\"562\" src=\"https:\/\/zonaverdaemporda.com\/wp-content\/uploads\/2025\/09\/13685.jpg\" class=\"attachment-full size-full wp-image-99\" alt=\"\" srcset=\"https:\/\/zonaverdaemporda.com\/wp-content\/uploads\/2025\/09\/13685.jpg 1000w, https:\/\/zonaverdaemporda.com\/wp-content\/uploads\/2025\/09\/13685-300x169.jpg 300w, https:\/\/zonaverdaemporda.com\/wp-content\/uploads\/2025\/09\/13685-768x432.jpg 768w, https:\/\/zonaverdaemporda.com\/wp-content\/uploads\/2025\/09\/13685-18x10.jpg 18w\" sizes=\"(max-width: 1000px) 100vw, 1000px\" \/>\t\t\t\t\t\t\t\t\t\t\t\t\t\t\t<\/div>\n\t\t\t\t\t<\/div>\n\t\t<\/div>\n\t\t\t\t\t<\/div>\n\t\t<\/section>\n\t\t<div class=\"elementor-element elementor-element-2fb3daa e-flex e-con-boxed e-con e-parent\" data-id=\"2fb3daa\" data-element_type=\"container\" data-e-type=\"container\" data-settings=\"{&quot;background_background&quot;:&quot;classic&quot;}\">\n\t\t\t\t\t<div class=\"e-con-inner\">\n\t\t\t\t<div class=\"elementor-element elementor-element-2095a37 elementor-invisible elementor-widget elementor-widget-heading\" data-id=\"2095a37\" data-element_type=\"widget\" data-e-type=\"widget\" data-settings=\"{&quot;_animation&quot;:&quot;fadeInDown&quot;}\" data-widget_type=\"heading.default\">\n\t\t\t\t\t<h2 class=\"elementor-heading-title elementor-size-default\">Is your plant sick and you don\u2019t know what\u2019s wrong? Call us so we can help you!<\/h2>\t\t\t\t<\/div>\n\t\t\t\t<div class=\"elementor-element elementor-element-46f5e6b elementor-invisible elementor-widget elementor-widget-button\" data-id=\"46f5e6b\" data-element_type=\"widget\" data-e-type=\"widget\" data-settings=\"{&quot;_animation&quot;:&quot;fadeInLeft&quot;}\" data-widget_type=\"button.default\">\n\t\t\t\t\t\t\t\t\t\t<a class=\"elementor-button elementor-button-link elementor-size-sm elementor-animation-float\" href=\"\/en\/servicios\/\">\n\t\t\t\t\t\t<span class=\"elementor-button-content-wrapper\">\n\t\t\t\t\t\t\t\t\t<span class=\"elementor-button-text\">Services<\/span>\n\t\t\t\t\t<\/span>\n\t\t\t\t\t<\/a>\n\t\t\t\t\t\t\t\t<\/div>\n\t\t\t\t\t<\/div>\n\t\t\t\t<\/div>\n\t\t\t\t<section class=\"elementor-section elementor-top-section elementor-element elementor-element-431e071 elementor-section-boxed elementor-section-height-default elementor-section-height-default\" data-id=\"431e071\" data-element_type=\"section\" data-e-type=\"section\">\n\t\t\t\t\t\t<div class=\"elementor-container elementor-column-gap-default\">\n\t\t\t\t\t<div class=\"elementor-column elementor-col-50 elementor-top-column elementor-element elementor-element-53f5c7b\" data-id=\"53f5c7b\" data-element_type=\"column\" data-e-type=\"column\">\n\t\t\t<div class=\"elementor-widget-wrap elementor-element-populated\">\n\t\t\t\t\t\t<div class=\"elementor-element elementor-element-94811d0 elementor-widget elementor-widget-image\" data-id=\"94811d0\" data-element_type=\"widget\" data-e-type=\"widget\" data-widget_type=\"image.default\">\n\t\t\t\t\t\t\t\t\t\t\t\t\t\t\t<img decoding=\"async\" width=\"1500\" height=\"1000\" src=\"https:\/\/zonaverdaemporda.com\/wp-content\/uploads\/2025\/09\/2044.jpg\" class=\"attachment-full size-full wp-image-95\" alt=\"\" srcset=\"https:\/\/zonaverdaemporda.com\/wp-content\/uploads\/2025\/09\/2044.jpg 1500w, https:\/\/zonaverdaemporda.com\/wp-content\/uploads\/2025\/09\/2044-300x200.jpg 300w, https:\/\/zonaverdaemporda.com\/wp-content\/uploads\/2025\/09\/2044-1024x683.jpg 1024w, https:\/\/zonaverdaemporda.com\/wp-content\/uploads\/2025\/09\/2044-768x512.jpg 768w, https:\/\/zonaverdaemporda.com\/wp-content\/uploads\/2025\/09\/2044-18x12.jpg 18w\" sizes=\"(max-width: 1500px) 100vw, 1500px\" \/>\t\t\t\t\t\t\t\t\t\t\t\t\t\t\t<\/div>\n\t\t\t\t\t<\/div>\n\t\t<\/div>\n\t\t\t\t<div class=\"elementor-column elementor-col-50 elementor-top-column elementor-element elementor-element-4bdb9f1\" data-id=\"4bdb9f1\" data-element_type=\"column\" data-e-type=\"column\">\n\t\t\t<div class=\"elementor-widget-wrap elementor-element-populated\">\n\t\t\t\t\t\t<div class=\"elementor-element elementor-element-c020863 eael-dual-header-content-align-left e-transform elementor-widget elementor-widget-eael-dual-color-header\" data-id=\"c020863\" data-element_type=\"widget\" data-e-type=\"widget\" data-settings=\"{&quot;_transform_skewX_effect&quot;:{&quot;unit&quot;:&quot;px&quot;,&quot;size&quot;:&quot;&quot;,&quot;sizes&quot;:[]},&quot;_transform_skewX_effect_tablet&quot;:{&quot;unit&quot;:&quot;deg&quot;,&quot;size&quot;:&quot;&quot;,&quot;sizes&quot;:[]},&quot;_transform_skewX_effect_mobile&quot;:{&quot;unit&quot;:&quot;deg&quot;,&quot;size&quot;:&quot;&quot;,&quot;sizes&quot;:[]},&quot;_transform_skewY_effect&quot;:{&quot;unit&quot;:&quot;px&quot;,&quot;size&quot;:&quot;&quot;,&quot;sizes&quot;:[]},&quot;_transform_skewY_effect_tablet&quot;:{&quot;unit&quot;:&quot;deg&quot;,&quot;size&quot;:&quot;&quot;,&quot;sizes&quot;:[]},&quot;_transform_skewY_effect_mobile&quot;:{&quot;unit&quot;:&quot;deg&quot;,&quot;size&quot;:&quot;&quot;,&quot;sizes&quot;:[]}}\" data-widget_type=\"eael-dual-color-header.default\">\n\t\t\t\t\t\t\t\t<div class=\"eael-dual-header\">\n\t\t\t\t<h1 class=\"title eael-dch-title\"><span class=\"eael-dch-title-text eael-dch-title-lead lead solid-color\">simply<br><\/span> <span class=\"eael-dch-title-text\">beauty<\/span><\/h1>\t\t\t<\/div>\n\n\t\t\t\t\t\t<\/div>\n\t\t\t\t<div class=\"elementor-element elementor-element-09c77b0 elementor-widget-divider--view-line elementor-widget elementor-widget-divider\" data-id=\"09c77b0\" data-element_type=\"widget\" data-e-type=\"widget\" data-widget_type=\"divider.default\">\n\t\t\t\t\t\t\t<div class=\"elementor-divider\">\n\t\t\t<span class=\"elementor-divider-separator\">\n\t\t\t\t\t\t<\/span>\n\t\t<\/div>\n\t\t\t\t\t\t<\/div>\n\t\t\t\t<div class=\"elementor-element elementor-element-c549481 elementor-invisible elementor-widget elementor-widget-heading\" data-id=\"c549481\" data-element_type=\"widget\" data-e-type=\"widget\" data-settings=\"{&quot;_animation&quot;:&quot;fadeIn&quot;,&quot;_animation_delay&quot;:50}\" data-widget_type=\"heading.default\">\n\t\t\t\t\t<h2 class=\"elementor-heading-title elementor-size-default\">clearing, pruning, tree felling, artificial grass installation, irrigation system installation... everything needed for your garden. <br><br><\/h2>\t\t\t\t<\/div>\n\t\t\t\t\t<\/div>\n\t\t<\/div>\n\t\t\t\t\t<\/div>\n\t\t<\/section>\n\t\t\t\t<\/div>","protected":false},"excerpt":{"rendered":"<p>Disseny, construcci\u00f3 i manteniment de Jardins. Serveis HIST\u00d2RIA Sobre NOSALTRES Zona Verda Empord\u00e0 neix l&#8217;any 2017 de la m\u00e0 de l&#8217;Eduard Deulofeu, un apassionat de l&#8217;agricultura i la jardineria que porta tota la vida laboral treballant la terra i els jardins del bell Baix Empord\u00e0, contribuint a embellir la regi\u00f3 amb la seva dedicaci\u00f3 i [&hellip;]<\/p>\n","protected":false},"author":1,"featured_media":0,"parent":0,"menu_order":0,"comment_status":"closed","ping_status":"closed","template":"elementor_canvas","meta":{"footnotes":""},"class_list":["post-2","page","type-page","status-publish","hentry"],"yoast_head":"<!-- This site is optimized with the Yoast SEO plugin v27.3 - https:\/\/yoast.com\/product\/yoast-seo-wordpress\/ -->\n<title>Inicio - Zona Verda Empord\u00e1<\/title>\n<meta name=\"robots\" content=\"index, follow, max-snippet:-1, max-image-preview:large, max-video-preview:-1\" \/>\n<link rel=\"canonical\" href=\"https:\/\/zonaverdaemporda.com\/en\/\" \/>\n<meta property=\"og:locale\" content=\"en_US\" \/>\n<meta property=\"og:type\" content=\"article\" \/>\n<meta property=\"og:title\" content=\"Inicio - Zona Verda Empord\u00e1\" \/>\n<meta property=\"og:description\" content=\"Disseny, construcci\u00f3 i manteniment de Jardins. Serveis HIST\u00d2RIA Sobre NOSALTRES Zona Verda Empord\u00e0 neix l&#8217;any 2017 de la m\u00e0 de l&#8217;Eduard Deulofeu, un apassionat de l&#8217;agricultura i la jardineria que porta tota la vida laboral treballant la terra i els jardins del bell Baix Empord\u00e0, contribuint a embellir la regi\u00f3 amb la seva dedicaci\u00f3 i [&hellip;]\" \/>\n<meta property=\"og:url\" content=\"https:\/\/zonaverdaemporda.com\/en\/\" \/>\n<meta property=\"og:site_name\" content=\"Zona Verda Empord\u00e1\" \/>\n<meta property=\"article:modified_time\" content=\"2025-09-16T19:03:48+00:00\" \/>\n<meta property=\"og:image\" content=\"https:\/\/zonaverdaemporda.com\/wp-content\/uploads\/2025\/09\/3124.jpg\" \/>\n\t<meta property=\"og:image:width\" content=\"1000\" \/>\n\t<meta property=\"og:image:height\" content=\"668\" \/>\n\t<meta property=\"og:image:type\" content=\"image\/jpeg\" \/>\n<meta name=\"twitter:card\" content=\"summary_large_image\" \/>\n<meta name=\"twitter:label1\" content=\"Est. reading time\" \/>\n\t<meta name=\"twitter:data1\" content=\"1 minute\" \/>\n<script type=\"application\/ld+json\" class=\"yoast-schema-graph\">{\"@context\":\"https:\\\/\\\/schema.org\",\"@graph\":[{\"@type\":\"WebPage\",\"@id\":\"https:\\\/\\\/zonaverdaemporda.com\\\/\",\"url\":\"https:\\\/\\\/zonaverdaemporda.com\\\/\",\"name\":\"Inicio - Zona Verda Empord\u00e1\",\"isPartOf\":{\"@id\":\"https:\\\/\\\/zonaverdaemporda.com\\\/#website\"},\"primaryImageOfPage\":{\"@id\":\"https:\\\/\\\/zonaverdaemporda.com\\\/#primaryimage\"},\"image\":{\"@id\":\"https:\\\/\\\/zonaverdaemporda.com\\\/#primaryimage\"},\"thumbnailUrl\":\"https:\\\/\\\/zonaverdaemporda.com\\\/wp-content\\\/uploads\\\/2025\\\/09\\\/3124.jpg\",\"datePublished\":\"2025-09-05T07:15:36+00:00\",\"dateModified\":\"2025-09-16T19:03:48+00:00\",\"breadcrumb\":{\"@id\":\"https:\\\/\\\/zonaverdaemporda.com\\\/#breadcrumb\"},\"inLanguage\":\"en-US\",\"potentialAction\":[{\"@type\":\"ReadAction\",\"target\":[\"https:\\\/\\\/zonaverdaemporda.com\\\/\"]}]},{\"@type\":\"ImageObject\",\"inLanguage\":\"en-US\",\"@id\":\"https:\\\/\\\/zonaverdaemporda.com\\\/#primaryimage\",\"url\":\"https:\\\/\\\/zonaverdaemporda.com\\\/wp-content\\\/uploads\\\/2025\\\/09\\\/3124.jpg\",\"contentUrl\":\"https:\\\/\\\/zonaverdaemporda.com\\\/wp-content\\\/uploads\\\/2025\\\/09\\\/3124.jpg\"},{\"@type\":\"BreadcrumbList\",\"@id\":\"https:\\\/\\\/zonaverdaemporda.com\\\/#breadcrumb\",\"itemListElement\":[{\"@type\":\"ListItem\",\"position\":1,\"name\":\"Portada\",\"item\":\"https:\\\/\\\/zonaverdaemporda.com\\\/\"},{\"@type\":\"ListItem\",\"position\":2,\"name\":\"Inicio\"}]},{\"@type\":\"WebSite\",\"@id\":\"https:\\\/\\\/zonaverdaemporda.com\\\/#website\",\"url\":\"https:\\\/\\\/zonaverdaemporda.com\\\/\",\"name\":\"Zona Verda Empord\u00e1\",\"description\":\"Zona Verda Empord\u00e1\",\"publisher\":{\"@id\":\"https:\\\/\\\/zonaverdaemporda.com\\\/#organization\"},\"potentialAction\":[{\"@type\":\"SearchAction\",\"target\":{\"@type\":\"EntryPoint\",\"urlTemplate\":\"https:\\\/\\\/zonaverdaemporda.com\\\/?s={search_term_string}\"},\"query-input\":{\"@type\":\"PropertyValueSpecification\",\"valueRequired\":true,\"valueName\":\"search_term_string\"}}],\"inLanguage\":\"en-US\"},{\"@type\":\"Organization\",\"@id\":\"https:\\\/\\\/zonaverdaemporda.com\\\/#organization\",\"name\":\"Zona Verda Empord\u00e1\",\"url\":\"https:\\\/\\\/zonaverdaemporda.com\\\/\",\"logo\":{\"@type\":\"ImageObject\",\"inLanguage\":\"en-US\",\"@id\":\"https:\\\/\\\/zonaverdaemporda.com\\\/#\\\/schema\\\/logo\\\/image\\\/\",\"url\":\"https:\\\/\\\/zonaverdaemporda.com\\\/wp-content\\\/uploads\\\/2025\\\/09\\\/logo1.jpg\",\"contentUrl\":\"https:\\\/\\\/zonaverdaemporda.com\\\/wp-content\\\/uploads\\\/2025\\\/09\\\/logo1.jpg\",\"width\":346,\"height\":176,\"caption\":\"Zona Verda Empord\u00e1\"},\"image\":{\"@id\":\"https:\\\/\\\/zonaverdaemporda.com\\\/#\\\/schema\\\/logo\\\/image\\\/\"}}]}<\/script>\n<!-- \/ Yoast SEO plugin. -->","yoast_head_json":{"title":"Inicio - Zona Verda Empord\u00e1","robots":{"index":"index","follow":"follow","max-snippet":"max-snippet:-1","max-image-preview":"max-image-preview:large","max-video-preview":"max-video-preview:-1"},"canonical":"https:\/\/zonaverdaemporda.com\/en\/","og_locale":"en_US","og_type":"article","og_title":"Inicio - Zona Verda Empord\u00e1","og_description":"Disseny, construcci\u00f3 i manteniment de Jardins. Serveis HIST\u00d2RIA Sobre NOSALTRES Zona Verda Empord\u00e0 neix l&#8217;any 2017 de la m\u00e0 de l&#8217;Eduard Deulofeu, un apassionat de l&#8217;agricultura i la jardineria que porta tota la vida laboral treballant la terra i els jardins del bell Baix Empord\u00e0, contribuint a embellir la regi\u00f3 amb la seva dedicaci\u00f3 i [&hellip;]","og_url":"https:\/\/zonaverdaemporda.com\/en\/","og_site_name":"Zona Verda Empord\u00e1","article_modified_time":"2025-09-16T19:03:48+00:00","og_image":[{"width":1000,"height":668,"url":"https:\/\/zonaverdaemporda.com\/wp-content\/uploads\/2025\/09\/3124.jpg","type":"image\/jpeg"}],"twitter_card":"summary_large_image","twitter_misc":{"Est. reading time":"1 minute"},"schema":{"@context":"https:\/\/schema.org","@graph":[{"@type":"WebPage","@id":"https:\/\/zonaverdaemporda.com\/","url":"https:\/\/zonaverdaemporda.com\/","name":"Inicio - Zona Verda Empord\u00e1","isPartOf":{"@id":"https:\/\/zonaverdaemporda.com\/#website"},"primaryImageOfPage":{"@id":"https:\/\/zonaverdaemporda.com\/#primaryimage"},"image":{"@id":"https:\/\/zonaverdaemporda.com\/#primaryimage"},"thumbnailUrl":"https:\/\/zonaverdaemporda.com\/wp-content\/uploads\/2025\/09\/3124.jpg","datePublished":"2025-09-05T07:15:36+00:00","dateModified":"2025-09-16T19:03:48+00:00","breadcrumb":{"@id":"https:\/\/zonaverdaemporda.com\/#breadcrumb"},"inLanguage":"en-US","potentialAction":[{"@type":"ReadAction","target":["https:\/\/zonaverdaemporda.com\/"]}]},{"@type":"ImageObject","inLanguage":"en-US","@id":"https:\/\/zonaverdaemporda.com\/#primaryimage","url":"https:\/\/zonaverdaemporda.com\/wp-content\/uploads\/2025\/09\/3124.jpg","contentUrl":"https:\/\/zonaverdaemporda.com\/wp-content\/uploads\/2025\/09\/3124.jpg"},{"@type":"BreadcrumbList","@id":"https:\/\/zonaverdaemporda.com\/#breadcrumb","itemListElement":[{"@type":"ListItem","position":1,"name":"Portada","item":"https:\/\/zonaverdaemporda.com\/"},{"@type":"ListItem","position":2,"name":"Inicio"}]},{"@type":"WebSite","@id":"https:\/\/zonaverdaemporda.com\/#website","url":"https:\/\/zonaverdaemporda.com\/","name":"Zona Verda Empord\u00e1","description":"Zona Verda Empord\u00e1","publisher":{"@id":"https:\/\/zonaverdaemporda.com\/#organization"},"potentialAction":[{"@type":"SearchAction","target":{"@type":"EntryPoint","urlTemplate":"https:\/\/zonaverdaemporda.com\/?s={search_term_string}"},"query-input":{"@type":"PropertyValueSpecification","valueRequired":true,"valueName":"search_term_string"}}],"inLanguage":"en-US"},{"@type":"Organization","@id":"https:\/\/zonaverdaemporda.com\/#organization","name":"Zona Verda Empord\u00e1","url":"https:\/\/zonaverdaemporda.com\/","logo":{"@type":"ImageObject","inLanguage":"en-US","@id":"https:\/\/zonaverdaemporda.com\/#\/schema\/logo\/image\/","url":"https:\/\/zonaverdaemporda.com\/wp-content\/uploads\/2025\/09\/logo1.jpg","contentUrl":"https:\/\/zonaverdaemporda.com\/wp-content\/uploads\/2025\/09\/logo1.jpg","width":346,"height":176,"caption":"Zona Verda Empord\u00e1"},"image":{"@id":"https:\/\/zonaverdaemporda.com\/#\/schema\/logo\/image\/"}}]}},"_links":{"self":[{"href":"https:\/\/zonaverdaemporda.com\/en\/wp-json\/wp\/v2\/pages\/2","targetHints":{"allow":["GET"]}}],"collection":[{"href":"https:\/\/zonaverdaemporda.com\/en\/wp-json\/wp\/v2\/pages"}],"about":[{"href":"https:\/\/zonaverdaemporda.com\/en\/wp-json\/wp\/v2\/types\/page"}],"author":[{"embeddable":true,"href":"https:\/\/zonaverdaemporda.com\/en\/wp-json\/wp\/v2\/users\/1"}],"replies":[{"embeddable":true,"href":"https:\/\/zonaverdaemporda.com\/en\/wp-json\/wp\/v2\/comments?post=2"}],"version-history":[{"count":82,"href":"https:\/\/zonaverdaemporda.com\/en\/wp-json\/wp\/v2\/pages\/2\/revisions"}],"predecessor-version":[{"id":379,"href":"https:\/\/zonaverdaemporda.com\/en\/wp-json\/wp\/v2\/pages\/2\/revisions\/379"}],"wp:attachment":[{"href":"https:\/\/zonaverdaemporda.com\/en\/wp-json\/wp\/v2\/media?parent=2"}],"curies":[{"name":"wp","href":"https:\/\/api.w.org\/{rel}","templated":true}]}}