{"id":6,"date":"2025-09-05T07:27:33","date_gmt":"2025-09-05T07:27:33","guid":{"rendered":"https:\/\/zonaverdaemporda.rkinformatika.online\/?page_id=6"},"modified":"2025-09-05T10:44:30","modified_gmt":"2025-09-05T10:44:30","slug":"servicios","status":"publish","type":"page","link":"https:\/\/zonaverdaemporda.com\/en\/servicios\/","title":{"rendered":"Servicios"},"content":{"rendered":"<div data-elementor-type=\"wp-page\" data-elementor-id=\"6\" class=\"elementor elementor-6\" data-elementor-post-type=\"page\">\n\t\t\t\t\t\t<section class=\"elementor-section elementor-top-section elementor-element elementor-element-7955f5b elementor-section-boxed elementor-section-height-default elementor-section-height-default\" data-id=\"7955f5b\" data-element_type=\"section\" data-e-type=\"section\" data-settings=\"{&quot;background_background&quot;:&quot;classic&quot;}\">\n\t\t\t\t\t\t<div class=\"elementor-container elementor-column-gap-default\">\n\t\t\t\t\t<div class=\"elementor-column elementor-col-100 elementor-top-column elementor-element elementor-element-de02ad4\" data-id=\"de02ad4\" data-element_type=\"column\" data-e-type=\"column\">\n\t\t\t<div class=\"elementor-widget-wrap\">\n\t\t\t\t\t\t\t<\/div>\n\t\t<\/div>\n\t\t\t\t\t<\/div>\n\t\t<\/section>\n\t\t\t\t<section class=\"elementor-section elementor-top-section elementor-element elementor-element-a68257b elementor-section-boxed elementor-section-height-default elementor-section-height-default\" data-id=\"a68257b\" data-element_type=\"section\" data-e-type=\"section\">\n\t\t\t\t\t\t<div class=\"elementor-container elementor-column-gap-default\">\n\t\t\t\t\t<div class=\"elementor-column elementor-col-50 elementor-top-column elementor-element elementor-element-a937c4f\" data-id=\"a937c4f\" data-element_type=\"column\" data-e-type=\"column\">\n\t\t\t<div class=\"elementor-widget-wrap elementor-element-populated\">\n\t\t\t\t\t\t<div class=\"elementor-element elementor-element-9e89312 eael-dual-header-content-align-left e-transform elementor-widget elementor-widget-eael-dual-color-header\" data-id=\"9e89312\" data-element_type=\"widget\" data-e-type=\"widget\" data-settings=\"{&quot;_transform_skewX_effect&quot;:{&quot;unit&quot;:&quot;px&quot;,&quot;size&quot;:&quot;&quot;,&quot;sizes&quot;:[]},&quot;_transform_skewX_effect_tablet&quot;:{&quot;unit&quot;:&quot;deg&quot;,&quot;size&quot;:&quot;&quot;,&quot;sizes&quot;:[]},&quot;_transform_skewX_effect_mobile&quot;:{&quot;unit&quot;:&quot;deg&quot;,&quot;size&quot;:&quot;&quot;,&quot;sizes&quot;:[]},&quot;_transform_skewY_effect&quot;:{&quot;unit&quot;:&quot;px&quot;,&quot;size&quot;:&quot;&quot;,&quot;sizes&quot;:[]},&quot;_transform_skewY_effect_tablet&quot;:{&quot;unit&quot;:&quot;deg&quot;,&quot;size&quot;:&quot;&quot;,&quot;sizes&quot;:[]},&quot;_transform_skewY_effect_mobile&quot;:{&quot;unit&quot;:&quot;deg&quot;,&quot;size&quot;:&quot;&quot;,&quot;sizes&quot;:[]}}\" data-widget_type=\"eael-dual-color-header.default\">\n\t\t\t\t\t\t\t\t<div class=\"eael-dual-header\">\n\t\t\t\t<h1 class=\"title eael-dch-title\"><span class=\"eael-dch-title-text eael-dch-title-lead lead solid-color\">Els nostres<br><\/span> <span class=\"eael-dch-title-text\">serveis<\/span><\/h1>\t\t\t<\/div>\n\n\t\t\t\t\t\t<\/div>\n\t\t\t\t<div class=\"elementor-element elementor-element-8c28d37 elementor-widget-divider--view-line elementor-widget elementor-widget-divider\" data-id=\"8c28d37\" data-element_type=\"widget\" data-e-type=\"widget\" data-widget_type=\"divider.default\">\n\t\t\t\t\t\t\t<div class=\"elementor-divider\">\n\t\t\t<span class=\"elementor-divider-separator\">\n\t\t\t\t\t\t<\/span>\n\t\t<\/div>\n\t\t\t\t\t\t<\/div>\n\t\t\t\t<div class=\"elementor-element elementor-element-0323e02 elementor-invisible elementor-widget elementor-widget-heading\" data-id=\"0323e02\" data-element_type=\"widget\" data-e-type=\"widget\" data-settings=\"{&quot;_animation&quot;:&quot;fadeIn&quot;,&quot;_animation_delay&quot;:50}\" data-widget_type=\"heading.default\">\n\t\t\t\t\t<h2 class=\"elementor-heading-title elementor-size-default\">Per a tot tipus de jard\u00ed, gran, mitj\u00e0 i petit.<\/h2>\t\t\t\t<\/div>\n\t\t\t\t\t<\/div>\n\t\t<\/div>\n\t\t\t\t<div class=\"elementor-column elementor-col-50 elementor-top-column elementor-element elementor-element-e209cad\" data-id=\"e209cad\" data-element_type=\"column\" data-e-type=\"column\">\n\t\t\t<div class=\"elementor-widget-wrap\">\n\t\t\t\t\t\t\t<\/div>\n\t\t<\/div>\n\t\t\t\t\t<\/div>\n\t\t<\/section>\n\t\t<div class=\"elementor-element elementor-element-460c52f e-grid e-con-boxed e-con e-parent\" data-id=\"460c52f\" data-element_type=\"container\" data-e-type=\"container\">\n\t\t\t\t\t<div class=\"e-con-inner\">\n\t\t\t\t<div class=\"elementor-element elementor-element-94ceb33 elementor-cta--skin-classic elementor-animated-content elementor-bg-transform elementor-bg-transform-zoom-in elementor-widget elementor-widget-call-to-action\" data-id=\"94ceb33\" data-element_type=\"widget\" data-e-type=\"widget\" data-widget_type=\"call-to-action.default\">\n\t\t\t\t\t\t\t<div class=\"elementor-cta\">\n\t\t\t\t\t<div class=\"elementor-cta__bg-wrapper\">\n\t\t\t\t<div class=\"elementor-cta__bg elementor-bg\" style=\"background-image: url(https:\/\/zonaverdaemporda.com\/wp-content\/uploads\/2025\/09\/7530.jpg);\" role=\"img\" aria-label=\"7530\"><\/div>\n\t\t\t\t<div class=\"elementor-cta__bg-overlay\"><\/div>\n\t\t\t<\/div>\n\t\t\t\t\t\t\t<div class=\"elementor-cta__content\">\n\t\t\t\t\n\t\t\t\t\t\t\t\t\t<h2 class=\"elementor-cta__title elementor-cta__content-item elementor-content-item\">\n\t\t\t\t\t\tDisseny\t\t\t\t\t<\/h2>\n\t\t\t\t\n\t\t\t\t\n\t\t\t\t\t\t\t<\/div>\n\t\t\t\t\t\t<\/div>\n\t\t\t\t\t\t<\/div>\n\t\t\t\t<div class=\"elementor-element elementor-element-e120b30 elementor-cta--skin-classic elementor-animated-content elementor-bg-transform elementor-bg-transform-zoom-in elementor-widget elementor-widget-call-to-action\" data-id=\"e120b30\" data-element_type=\"widget\" data-e-type=\"widget\" data-widget_type=\"call-to-action.default\">\n\t\t\t\t\t\t\t<div class=\"elementor-cta\">\n\t\t\t\t\t<div class=\"elementor-cta__bg-wrapper\">\n\t\t\t\t<div class=\"elementor-cta__bg elementor-bg\" style=\"background-image: url(https:\/\/zonaverdaemporda.com\/wp-content\/uploads\/2025\/09\/22710.jpg);\" role=\"img\" aria-label=\"22710\"><\/div>\n\t\t\t\t<div class=\"elementor-cta__bg-overlay\"><\/div>\n\t\t\t<\/div>\n\t\t\t\t\t\t\t<div class=\"elementor-cta__content\">\n\t\t\t\t\n\t\t\t\t\t\t\t\t\t<h2 class=\"elementor-cta__title elementor-cta__content-item elementor-content-item\">\n\t\t\t\t\t\tConstrucci\u00f3\t\t\t\t\t<\/h2>\n\t\t\t\t\n\t\t\t\t\n\t\t\t\t\t\t\t<\/div>\n\t\t\t\t\t\t<\/div>\n\t\t\t\t\t\t<\/div>\n\t\t\t\t<div class=\"elementor-element elementor-element-5fe65df elementor-cta--skin-classic elementor-animated-content elementor-bg-transform elementor-bg-transform-zoom-in elementor-widget elementor-widget-call-to-action\" data-id=\"5fe65df\" data-element_type=\"widget\" data-e-type=\"widget\" data-widget_type=\"call-to-action.default\">\n\t\t\t\t\t\t\t<div class=\"elementor-cta\">\n\t\t\t\t\t<div class=\"elementor-cta__bg-wrapper\">\n\t\t\t\t<div class=\"elementor-cta__bg elementor-bg\" style=\"background-image: url(https:\/\/zonaverdaemporda.com\/wp-content\/uploads\/2025\/09\/12777.jpg);\" role=\"img\" aria-label=\"12777\"><\/div>\n\t\t\t\t<div class=\"elementor-cta__bg-overlay\"><\/div>\n\t\t\t<\/div>\n\t\t\t\t\t\t\t<div class=\"elementor-cta__content\">\n\t\t\t\t\n\t\t\t\t\t\t\t\t\t<h2 class=\"elementor-cta__title elementor-cta__content-item elementor-content-item\">\n\t\t\t\t\t\tManteniment\t\t\t\t\t<\/h2>\n\t\t\t\t\n\t\t\t\t\n\t\t\t\t\t\t\t<\/div>\n\t\t\t\t\t\t<\/div>\n\t\t\t\t\t\t<\/div>\n\t\t\t\t\t<\/div>\n\t\t\t\t<\/div>\n\t\t<div class=\"elementor-element elementor-element-bde4193 e-flex e-con-boxed e-con e-parent\" data-id=\"bde4193\" data-element_type=\"container\" data-e-type=\"container\" data-settings=\"{&quot;background_background&quot;:&quot;classic&quot;}\">\n\t\t\t\t\t<div class=\"e-con-inner\">\n\t\t\t\t<div class=\"elementor-element elementor-element-019724d elementor-invisible elementor-widget elementor-widget-heading\" data-id=\"019724d\" data-element_type=\"widget\" data-e-type=\"widget\" data-settings=\"{&quot;_animation&quot;:&quot;fadeInDown&quot;}\" data-widget_type=\"heading.default\">\n\t\t\t\t\t<h2 class=\"elementor-heading-title elementor-size-default\">\u00a1Res millor que descansar sota l'ombra del teu jard\u00ed!<\/h2>\t\t\t\t<\/div>\n\t\t\t\t<div class=\"elementor-element elementor-element-d6f95ca elementor-invisible elementor-widget elementor-widget-button\" data-id=\"d6f95ca\" data-element_type=\"widget\" data-e-type=\"widget\" data-settings=\"{&quot;_animation&quot;:&quot;fadeInLeft&quot;}\" data-widget_type=\"button.default\">\n\t\t\t\t\t\t\t\t\t\t<a class=\"elementor-button elementor-button-link elementor-size-sm elementor-animation-float\" href=\"\/en\/contacto\/\">\n\t\t\t\t\t\t<span class=\"elementor-button-content-wrapper\">\n\t\t\t\t\t\t\t\t\t<span class=\"elementor-button-text\">Contact<\/span>\n\t\t\t\t\t<\/span>\n\t\t\t\t\t<\/a>\n\t\t\t\t\t\t\t\t<\/div>\n\t\t\t\t\t<\/div>\n\t\t\t\t<\/div>\n\t\t\t\t<section class=\"elementor-section elementor-top-section elementor-element elementor-element-e167758 elementor-section-boxed elementor-section-height-default elementor-section-height-default\" data-id=\"e167758\" data-element_type=\"section\" data-e-type=\"section\">\n\t\t\t\t\t\t<div class=\"elementor-container elementor-column-gap-default\">\n\t\t\t\t\t<div class=\"elementor-column elementor-col-100 elementor-top-column elementor-element elementor-element-c1e7003\" data-id=\"c1e7003\" data-element_type=\"column\" data-e-type=\"column\">\n\t\t\t<div class=\"elementor-widget-wrap elementor-element-populated\">\n\t\t\t\t\t\t<div class=\"elementor-element elementor-element-0ba44c5 eael-dual-header-content-align-left e-transform elementor-widget elementor-widget-eael-dual-color-header\" data-id=\"0ba44c5\" data-element_type=\"widget\" data-e-type=\"widget\" data-settings=\"{&quot;_transform_skewX_effect&quot;:{&quot;unit&quot;:&quot;px&quot;,&quot;size&quot;:&quot;&quot;,&quot;sizes&quot;:[]},&quot;_transform_skewX_effect_tablet&quot;:{&quot;unit&quot;:&quot;deg&quot;,&quot;size&quot;:&quot;&quot;,&quot;sizes&quot;:[]},&quot;_transform_skewX_effect_mobile&quot;:{&quot;unit&quot;:&quot;deg&quot;,&quot;size&quot;:&quot;&quot;,&quot;sizes&quot;:[]},&quot;_transform_skewY_effect&quot;:{&quot;unit&quot;:&quot;px&quot;,&quot;size&quot;:&quot;&quot;,&quot;sizes&quot;:[]},&quot;_transform_skewY_effect_tablet&quot;:{&quot;unit&quot;:&quot;deg&quot;,&quot;size&quot;:&quot;&quot;,&quot;sizes&quot;:[]},&quot;_transform_skewY_effect_mobile&quot;:{&quot;unit&quot;:&quot;deg&quot;,&quot;size&quot;:&quot;&quot;,&quot;sizes&quot;:[]}}\" data-widget_type=\"eael-dual-color-header.default\">\n\t\t\t\t\t\t\t\t<div class=\"eael-dual-header\">\n\t\t\t\t<h1 class=\"title eael-dch-title\"><span class=\"eael-dch-title-text eael-dch-title-lead lead solid-color\">Un somni<br><\/span> <span class=\"eael-dch-title-text\">fet realitat!<\/span><\/h1>\t\t\t<\/div>\n\n\t\t\t\t\t\t<\/div>\n\t\t\t\t<div class=\"elementor-element elementor-element-42a5ef1 elementor-widget-divider--view-line elementor-widget elementor-widget-divider\" data-id=\"42a5ef1\" data-element_type=\"widget\" data-e-type=\"widget\" data-widget_type=\"divider.default\">\n\t\t\t\t\t\t\t<div class=\"elementor-divider\">\n\t\t\t<span class=\"elementor-divider-separator\">\n\t\t\t\t\t\t<\/span>\n\t\t<\/div>\n\t\t\t\t\t\t<\/div>\n\t\t\t\t<div class=\"elementor-element elementor-element-4f54e00 elementor-invisible elementor-widget elementor-widget-heading\" data-id=\"4f54e00\" data-element_type=\"widget\" data-e-type=\"widget\" data-settings=\"{&quot;_animation&quot;:&quot;fadeIn&quot;,&quot;_animation_delay&quot;:50}\" data-widget_type=\"heading.default\">\n\t\t\t\t\t<h2 class=\"elementor-heading-title elementor-size-default\">Et fem realitat el jard\u00ed dels teus somnis<\/h2>\t\t\t\t<\/div>\n\t\t\t\t\t<\/div>\n\t\t<\/div>\n\t\t\t\t\t<\/div>\n\t\t<\/section>\n\t\t<div class=\"elementor-element elementor-element-3708b48 e-flex e-con-boxed e-con e-parent\" data-id=\"3708b48\" data-element_type=\"container\" data-e-type=\"container\">\n\t\t\t\t\t<div class=\"e-con-inner\">\n\t\t\t\t<div class=\"elementor-element elementor-element-9679298 elementor-arrows-position-outside elementor-pagination-position-outside elementor-widget elementor-widget-image-carousel\" data-id=\"9679298\" data-element_type=\"widget\" data-e-type=\"widget\" data-settings=\"{&quot;image_spacing_custom&quot;:{&quot;unit&quot;:&quot;px&quot;,&quot;size&quot;:5,&quot;sizes&quot;:[]},&quot;navigation&quot;:&quot;both&quot;,&quot;autoplay&quot;:&quot;yes&quot;,&quot;pause_on_hover&quot;:&quot;yes&quot;,&quot;pause_on_interaction&quot;:&quot;yes&quot;,&quot;autoplay_speed&quot;:5000,&quot;infinite&quot;:&quot;yes&quot;,&quot;speed&quot;:500,&quot;image_spacing_custom_tablet&quot;:{&quot;unit&quot;:&quot;px&quot;,&quot;size&quot;:&quot;&quot;,&quot;sizes&quot;:[]},&quot;image_spacing_custom_mobile&quot;:{&quot;unit&quot;:&quot;px&quot;,&quot;size&quot;:&quot;&quot;,&quot;sizes&quot;:[]}}\" data-widget_type=\"image-carousel.default\">\n\t\t\t\t\t\t\t<div class=\"elementor-image-carousel-wrapper swiper\" role=\"region\" aria-roledescription=\"carousel\" aria-label=\"Carrusel de im\u00e1genes\" dir=\"ltr\">\n\t\t\t<div class=\"elementor-image-carousel swiper-wrapper\" aria-live=\"off\">\n\t\t\t\t\t\t\t\t<div class=\"swiper-slide\" role=\"group\" aria-roledescription=\"slide\" aria-label=\"1 de 6\"><figure class=\"swiper-slide-inner\"><img decoding=\"async\" class=\"swiper-slide-image\" src=\"https:\/\/zonaverdaemporda.com\/wp-content\/uploads\/elementor\/thumbs\/33164-rbayf52xvo3zed6bj6gfwkgy4k9cwpanigvdgka2m0.jpg\" alt=\"\" \/><\/figure><\/div><div class=\"swiper-slide\" role=\"group\" aria-roledescription=\"slide\" aria-label=\"2 de 6\"><figure class=\"swiper-slide-inner\"><img decoding=\"async\" class=\"swiper-slide-image\" src=\"https:\/\/zonaverdaemporda.com\/wp-content\/uploads\/elementor\/thumbs\/2151748223-rbayf6ym9c6k1l3l879p1jzvbc03c3i46q6cf47a9k.jpg\" alt=\"\" \/><\/figure><\/div><div class=\"swiper-slide\" role=\"group\" aria-roledescription=\"slide\" aria-label=\"3 de 6\"><figure class=\"swiper-slide-inner\"><img decoding=\"async\" class=\"swiper-slide-image\" src=\"https:\/\/zonaverdaemporda.com\/wp-content\/uploads\/elementor\/thumbs\/2151488211-rbayf7wgg67ud7282pobm1rbwpvgjsluiuttwe5w3c.jpg\" alt=\"\" \/><\/figure><\/div><div class=\"swiper-slide\" role=\"group\" aria-roledescription=\"slide\" aria-label=\"4 de 6\"><figure class=\"swiper-slide-inner\"><img decoding=\"async\" class=\"swiper-slide-image\" src=\"https:\/\/zonaverdaemporda.com\/wp-content\/uploads\/elementor\/thumbs\/77094-rbayf9s4tuaf0ezhrqhkr1a93hm6z6tb744suy33qw.jpg\" alt=\"\" \/><\/figure><\/div><div class=\"swiper-slide\" role=\"group\" aria-roledescription=\"slide\" aria-label=\"5 de 6\"><figure class=\"swiper-slide-inner\"><img decoding=\"async\" class=\"swiper-slide-image\" src=\"https:\/\/zonaverdaemporda.com\/wp-content\/uploads\/elementor\/thumbs\/193564-rbayfapz0obpc0y4m8w7bj1povhk6vx1j8sac81pko.jpg\" alt=\"\" \/><\/figure><\/div><div class=\"swiper-slide\" role=\"group\" aria-roledescription=\"slide\" aria-label=\"6 de 6\"><figure class=\"swiper-slide-inner\"><img decoding=\"async\" class=\"swiper-slide-image\" src=\"https:\/\/zonaverdaemporda.com\/wp-content\/uploads\/elementor\/thumbs\/15120-rbayfclnece9z8veb9pggikmvn8ama4i7i39aryx88.jpg\" alt=\"\" \/><\/figure><\/div>\t\t\t<\/div>\n\t\t\t\t\t\t\t\t\t\t\t\t<div class=\"elementor-swiper-button elementor-swiper-button-prev\" role=\"button\" tabindex=\"0\">\n\t\t\t\t\t\t<svg aria-hidden=\"true\" class=\"e-font-icon-svg e-eicon-chevron-left\" viewbox=\"0 0 1000 1000\" xmlns=\"http:\/\/www.w3.org\/2000\/svg\"><path d=\"M646 125C629 125 613 133 604 142L308 442C296 454 292 471 292 487 292 504 296 521 308 533L604 854C617 867 629 875 646 875 663 875 679 871 692 858 704 846 713 829 713 812 713 796 708 779 692 767L438 487 692 225C700 217 708 204 708 187 708 171 704 154 692 142 675 129 663 125 646 125Z\"><\/path><\/svg>\t\t\t\t\t<\/div>\n\t\t\t\t\t<div class=\"elementor-swiper-button elementor-swiper-button-next\" role=\"button\" tabindex=\"0\">\n\t\t\t\t\t\t<svg aria-hidden=\"true\" class=\"e-font-icon-svg e-eicon-chevron-right\" viewbox=\"0 0 1000 1000\" xmlns=\"http:\/\/www.w3.org\/2000\/svg\"><path d=\"M696 533C708 521 713 504 713 487 713 471 708 454 696 446L400 146C388 133 375 125 354 125 338 125 325 129 313 142 300 154 292 171 292 187 292 204 296 221 308 233L563 492 304 771C292 783 288 800 288 817 288 833 296 850 308 863 321 871 338 875 354 875 371 875 388 867 400 854L696 533Z\"><\/path><\/svg>\t\t\t\t\t<\/div>\n\t\t\t\t\n\t\t\t\t\t\t\t\t\t<div class=\"swiper-pagination\"><\/div>\n\t\t\t\t\t\t\t\t\t<\/div>\n\t\t\t\t\t\t<\/div>\n\t\t\t\t\t<\/div>\n\t\t\t\t<\/div>\n\t\t\t\t<\/div>","protected":false},"excerpt":{"rendered":"<p>Els nostres serveis Per a tot tipus de jard\u00ed, gran, mitj\u00e0 i petit. Disseny Construcci\u00f3 Manteniment \u00a1Res millor que descansar sota l&#8217;ombra del teu jard\u00ed! Contacte Un somni fet realitat! Et fem realitat el jard\u00ed dels teus somnis<\/p>","protected":false},"author":1,"featured_media":0,"parent":0,"menu_order":0,"comment_status":"closed","ping_status":"closed","template":"elementor_canvas","meta":{"footnotes":""},"class_list":["post-6","page","type-page","status-publish","hentry"],"yoast_head":"<!-- This site is optimized with the Yoast SEO plugin v27.3 - https:\/\/yoast.com\/product\/yoast-seo-wordpress\/ -->\n<title>Servicios - Zona Verda Empord\u00e1<\/title>\n<meta name=\"robots\" content=\"index, follow, max-snippet:-1, max-image-preview:large, max-video-preview:-1\" \/>\n<link rel=\"canonical\" href=\"https:\/\/zonaverdaemporda.com\/en\/servicios\/\" \/>\n<meta property=\"og:locale\" content=\"en_US\" \/>\n<meta property=\"og:type\" content=\"article\" \/>\n<meta property=\"og:title\" content=\"Servicios - Zona Verda Empord\u00e1\" \/>\n<meta property=\"og:description\" content=\"Els nostres serveis Per a tot tipus de jard\u00ed, gran, mitj\u00e0 i petit. Disseny Construcci\u00f3 Manteniment \u00a1Res millor que descansar sota l&#8217;ombra del teu jard\u00ed! Contacte Un somni fet realitat! Et fem realitat el jard\u00ed dels teus somnis\" \/>\n<meta property=\"og:url\" content=\"https:\/\/zonaverdaemporda.com\/en\/servicios\/\" \/>\n<meta property=\"og:site_name\" content=\"Zona Verda Empord\u00e1\" \/>\n<meta property=\"article:modified_time\" content=\"2025-09-05T10:44:30+00:00\" \/>\n<meta property=\"og:image\" content=\"https:\/\/zonaverdaemporda.com\/wp-content\/uploads\/elementor\/thumbs\/33164-rbayf52xvo3zed6bj6gfwkgy4k9cwpanigvdgka2m0.jpg\" \/>\n<meta name=\"twitter:card\" content=\"summary_large_image\" \/>\n<meta name=\"twitter:label1\" content=\"Est. reading time\" \/>\n\t<meta name=\"twitter:data1\" content=\"3 minutes\" \/>\n<script type=\"application\/ld+json\" class=\"yoast-schema-graph\">{\"@context\":\"https:\\\/\\\/schema.org\",\"@graph\":[{\"@type\":\"WebPage\",\"@id\":\"https:\\\/\\\/zonaverdaemporda.com\\\/servicios\\\/\",\"url\":\"https:\\\/\\\/zonaverdaemporda.com\\\/servicios\\\/\",\"name\":\"Servicios - Zona Verda Empord\u00e1\",\"isPartOf\":{\"@id\":\"https:\\\/\\\/zonaverdaemporda.com\\\/#website\"},\"primaryImageOfPage\":{\"@id\":\"https:\\\/\\\/zonaverdaemporda.com\\\/servicios\\\/#primaryimage\"},\"image\":{\"@id\":\"https:\\\/\\\/zonaverdaemporda.com\\\/servicios\\\/#primaryimage\"},\"thumbnailUrl\":\"https:\\\/\\\/zonaverdaemporda.com\\\/wp-content\\\/uploads\\\/elementor\\\/thumbs\\\/33164-rbayf52xvo3zed6bj6gfwkgy4k9cwpanigvdgka2m0.jpg\",\"datePublished\":\"2025-09-05T07:27:33+00:00\",\"dateModified\":\"2025-09-05T10:44:30+00:00\",\"breadcrumb\":{\"@id\":\"https:\\\/\\\/zonaverdaemporda.com\\\/servicios\\\/#breadcrumb\"},\"inLanguage\":\"en-US\",\"potentialAction\":[{\"@type\":\"ReadAction\",\"target\":[\"https:\\\/\\\/zonaverdaemporda.com\\\/servicios\\\/\"]}]},{\"@type\":\"ImageObject\",\"inLanguage\":\"en-US\",\"@id\":\"https:\\\/\\\/zonaverdaemporda.com\\\/servicios\\\/#primaryimage\",\"url\":\"https:\\\/\\\/zonaverdaemporda.com\\\/wp-content\\\/uploads\\\/elementor\\\/thumbs\\\/33164-rbayf52xvo3zed6bj6gfwkgy4k9cwpanigvdgka2m0.jpg\",\"contentUrl\":\"https:\\\/\\\/zonaverdaemporda.com\\\/wp-content\\\/uploads\\\/elementor\\\/thumbs\\\/33164-rbayf52xvo3zed6bj6gfwkgy4k9cwpanigvdgka2m0.jpg\"},{\"@type\":\"BreadcrumbList\",\"@id\":\"https:\\\/\\\/zonaverdaemporda.com\\\/servicios\\\/#breadcrumb\",\"itemListElement\":[{\"@type\":\"ListItem\",\"position\":1,\"name\":\"Portada\",\"item\":\"https:\\\/\\\/zonaverdaemporda.com\\\/\"},{\"@type\":\"ListItem\",\"position\":2,\"name\":\"Servicios\"}]},{\"@type\":\"WebSite\",\"@id\":\"https:\\\/\\\/zonaverdaemporda.com\\\/#website\",\"url\":\"https:\\\/\\\/zonaverdaemporda.com\\\/\",\"name\":\"Zona Verda Empord\u00e1\",\"description\":\"Zona Verda Empord\u00e1\",\"publisher\":{\"@id\":\"https:\\\/\\\/zonaverdaemporda.com\\\/#organization\"},\"potentialAction\":[{\"@type\":\"SearchAction\",\"target\":{\"@type\":\"EntryPoint\",\"urlTemplate\":\"https:\\\/\\\/zonaverdaemporda.com\\\/?s={search_term_string}\"},\"query-input\":{\"@type\":\"PropertyValueSpecification\",\"valueRequired\":true,\"valueName\":\"search_term_string\"}}],\"inLanguage\":\"en-US\"},{\"@type\":\"Organization\",\"@id\":\"https:\\\/\\\/zonaverdaemporda.com\\\/#organization\",\"name\":\"Zona Verda Empord\u00e1\",\"url\":\"https:\\\/\\\/zonaverdaemporda.com\\\/\",\"logo\":{\"@type\":\"ImageObject\",\"inLanguage\":\"en-US\",\"@id\":\"https:\\\/\\\/zonaverdaemporda.com\\\/#\\\/schema\\\/logo\\\/image\\\/\",\"url\":\"https:\\\/\\\/zonaverdaemporda.com\\\/wp-content\\\/uploads\\\/2025\\\/09\\\/logo1.jpg\",\"contentUrl\":\"https:\\\/\\\/zonaverdaemporda.com\\\/wp-content\\\/uploads\\\/2025\\\/09\\\/logo1.jpg\",\"width\":346,\"height\":176,\"caption\":\"Zona Verda Empord\u00e1\"},\"image\":{\"@id\":\"https:\\\/\\\/zonaverdaemporda.com\\\/#\\\/schema\\\/logo\\\/image\\\/\"}}]}<\/script>\n<!-- \/ Yoast SEO plugin. -->","yoast_head_json":{"title":"Servicios - Zona Verda Empord\u00e1","robots":{"index":"index","follow":"follow","max-snippet":"max-snippet:-1","max-image-preview":"max-image-preview:large","max-video-preview":"max-video-preview:-1"},"canonical":"https:\/\/zonaverdaemporda.com\/en\/servicios\/","og_locale":"en_US","og_type":"article","og_title":"Servicios - Zona Verda Empord\u00e1","og_description":"Els nostres serveis Per a tot tipus de jard\u00ed, gran, mitj\u00e0 i petit. Disseny Construcci\u00f3 Manteniment \u00a1Res millor que descansar sota l&#8217;ombra del teu jard\u00ed! Contacte Un somni fet realitat! Et fem realitat el jard\u00ed dels teus somnis","og_url":"https:\/\/zonaverdaemporda.com\/en\/servicios\/","og_site_name":"Zona Verda Empord\u00e1","article_modified_time":"2025-09-05T10:44:30+00:00","og_image":[{"url":"https:\/\/zonaverdaemporda.com\/wp-content\/uploads\/elementor\/thumbs\/33164-rbayf52xvo3zed6bj6gfwkgy4k9cwpanigvdgka2m0.jpg","type":"","width":"","height":""}],"twitter_card":"summary_large_image","twitter_misc":{"Est. reading time":"3 minutes"},"schema":{"@context":"https:\/\/schema.org","@graph":[{"@type":"WebPage","@id":"https:\/\/zonaverdaemporda.com\/servicios\/","url":"https:\/\/zonaverdaemporda.com\/servicios\/","name":"Servicios - Zona Verda Empord\u00e1","isPartOf":{"@id":"https:\/\/zonaverdaemporda.com\/#website"},"primaryImageOfPage":{"@id":"https:\/\/zonaverdaemporda.com\/servicios\/#primaryimage"},"image":{"@id":"https:\/\/zonaverdaemporda.com\/servicios\/#primaryimage"},"thumbnailUrl":"https:\/\/zonaverdaemporda.com\/wp-content\/uploads\/elementor\/thumbs\/33164-rbayf52xvo3zed6bj6gfwkgy4k9cwpanigvdgka2m0.jpg","datePublished":"2025-09-05T07:27:33+00:00","dateModified":"2025-09-05T10:44:30+00:00","breadcrumb":{"@id":"https:\/\/zonaverdaemporda.com\/servicios\/#breadcrumb"},"inLanguage":"en-US","potentialAction":[{"@type":"ReadAction","target":["https:\/\/zonaverdaemporda.com\/servicios\/"]}]},{"@type":"ImageObject","inLanguage":"en-US","@id":"https:\/\/zonaverdaemporda.com\/servicios\/#primaryimage","url":"https:\/\/zonaverdaemporda.com\/wp-content\/uploads\/elementor\/thumbs\/33164-rbayf52xvo3zed6bj6gfwkgy4k9cwpanigvdgka2m0.jpg","contentUrl":"https:\/\/zonaverdaemporda.com\/wp-content\/uploads\/elementor\/thumbs\/33164-rbayf52xvo3zed6bj6gfwkgy4k9cwpanigvdgka2m0.jpg"},{"@type":"BreadcrumbList","@id":"https:\/\/zonaverdaemporda.com\/servicios\/#breadcrumb","itemListElement":[{"@type":"ListItem","position":1,"name":"Portada","item":"https:\/\/zonaverdaemporda.com\/"},{"@type":"ListItem","position":2,"name":"Servicios"}]},{"@type":"WebSite","@id":"https:\/\/zonaverdaemporda.com\/#website","url":"https:\/\/zonaverdaemporda.com\/","name":"Zona Verda Empord\u00e1","description":"Zona Verda Empord\u00e1","publisher":{"@id":"https:\/\/zonaverdaemporda.com\/#organization"},"potentialAction":[{"@type":"SearchAction","target":{"@type":"EntryPoint","urlTemplate":"https:\/\/zonaverdaemporda.com\/?s={search_term_string}"},"query-input":{"@type":"PropertyValueSpecification","valueRequired":true,"valueName":"search_term_string"}}],"inLanguage":"en-US"},{"@type":"Organization","@id":"https:\/\/zonaverdaemporda.com\/#organization","name":"Zona Verda Empord\u00e1","url":"https:\/\/zonaverdaemporda.com\/","logo":{"@type":"ImageObject","inLanguage":"en-US","@id":"https:\/\/zonaverdaemporda.com\/#\/schema\/logo\/image\/","url":"https:\/\/zonaverdaemporda.com\/wp-content\/uploads\/2025\/09\/logo1.jpg","contentUrl":"https:\/\/zonaverdaemporda.com\/wp-content\/uploads\/2025\/09\/logo1.jpg","width":346,"height":176,"caption":"Zona Verda Empord\u00e1"},"image":{"@id":"https:\/\/zonaverdaemporda.com\/#\/schema\/logo\/image\/"}}]}},"_links":{"self":[{"href":"https:\/\/zonaverdaemporda.com\/en\/wp-json\/wp\/v2\/pages\/6","targetHints":{"allow":["GET"]}}],"collection":[{"href":"https:\/\/zonaverdaemporda.com\/en\/wp-json\/wp\/v2\/pages"}],"about":[{"href":"https:\/\/zonaverdaemporda.com\/en\/wp-json\/wp\/v2\/types\/page"}],"author":[{"embeddable":true,"href":"https:\/\/zonaverdaemporda.com\/en\/wp-json\/wp\/v2\/users\/1"}],"replies":[{"embeddable":true,"href":"https:\/\/zonaverdaemporda.com\/en\/wp-json\/wp\/v2\/comments?post=6"}],"version-history":[{"count":74,"href":"https:\/\/zonaverdaemporda.com\/en\/wp-json\/wp\/v2\/pages\/6\/revisions"}],"predecessor-version":[{"id":374,"href":"https:\/\/zonaverdaemporda.com\/en\/wp-json\/wp\/v2\/pages\/6\/revisions\/374"}],"wp:attachment":[{"href":"https:\/\/zonaverdaemporda.com\/en\/wp-json\/wp\/v2\/media?parent=6"}],"curies":[{"name":"wp","href":"https:\/\/api.w.org\/{rel}","templated":true}]}}